{"id":147,"date":"2024-11-06T09:40:32","date_gmt":"2024-11-06T08:40:32","guid":{"rendered":"https:\/\/zdow.pl\/rlks\/?page_id=147"},"modified":"2024-11-06T09:40:32","modified_gmt":"2024-11-06T08:40:32","slug":"owes","status":"publish","type":"page","link":"https:\/\/zdow.pl\/rlks\/owes\/","title":{"rendered":"OWES"},"content":{"rendered":"\n<figure class=\"wp-block-image\"><img decoding=\"async\" src=\"https:\/\/server011666.nazwa.pl\/wordpress\/wpn_OWES\/wp-content\/uploads\/2024\/07\/logos.jpg\" alt=\"\" class=\"wp-image-132\"\/><\/figure>\n\n\n\n<p>O\u015brodek Wsparcia Ekonomii Spo\u0142ecznej w Gorzowie Wielkopolskim powsta\u0142 w wyniku wsp\u00f3\u0142pracy <a href=\"http:\/\/www.swmpdobiegniew.pl\/\" data-type=\"link\" data-id=\"http:\/\/www.swmpdobiegniew.pl\/\" target=\"_blank\" rel=\"noreferrer noopener\">Stowarzyszenia Wspierania Ma\u0142ej Przedsi\u0119biorczo\u015bci z siedzib\u0105 w Dobiegniewie<\/a> z dwoma partnerami:<\/p>\n\n\n\n<ul class=\"wp-block-list\">\n<li><a href=\"http:\/\/www.krag.org.pl\/\" target=\"_blank\" rel=\"noreferrer noopener\">Stowarzyszenie Pracownik\u00f3w S\u0142u\u017cb Spo\u0142ecznych \u201eKr\u0105g\u201d w Gorzowie Wielkopolskim<\/a><\/li>\n\n\n\n<li>Stowarzyszenie \u201eZielona Dolina Odry i Warty\u201d w G\u00f3rzycy.<\/li>\n<\/ul>\n\n\n\n<p>Umow\u0119 partnersk\u0105 konsorcjum zawar\u0142o 20.03.2023 r.<\/p>\n\n\n\n<p>Po otrzymaniu&nbsp;<a href=\"https:\/\/www.ekonomiaspoleczna.gov.pl\/co-robimy\/akredytacja-i-status-owes\/wykaz-akredytowanych-owes\/\">akredytacji i statusu o\u015brodka wsparcia ekonomii spo\u0142ecznej&nbsp;<\/a>z\u0142o\u017cyli\u015bmy wniosek o dofinansowanie naszej dzia\u0142alno\u015bci w ramach Funduszy Europejskie dla Lubuskiego 2021-2027. W wyniku otwartego konkursu otrzymali\u015bmy dofinansowanie w kwocie 34 478 813,20 z\u0142. Ca\u0142a warto\u015b\u0107 projektu wynosi 35 208 445,68 z\u0142.<\/p>\n\n\n\n<p>Podstawow\u0105 grup\u0105 docelow\u0105 s\u0105 osoby z grup wykluczonych spo\u0142ecznie dla kt\u00f3rych:<\/p>\n\n\n\n<p>\u2013 tworzone b\u0119d\u0105 miejsca pracy<\/p>\n\n\n\n<p>\u2013 \u015bwiadczony b\u0119dzie szereg us\u0142ug o charakterze reintegracji spo\u0142eczno-zawodowej.<\/p>\n\n\n\n<p>Projekt zak\u0142ada utworzenie i utrzymanie 324 miejsc pracy w przedsi\u0119biorstwach spo\u0142ecznych.<\/p>\n\n\n\n<p>OWES obejmuje wsparciem mieszka\u0144c\u00f3w i instytucje z powiat\u00f3w:<\/p>\n\n\n\n<ul class=\"wp-block-list\">\n<li>gorzowski ziemski i grodzki,<\/li>\n\n\n\n<li>mi\u0119dzyrzecki,<\/li>\n\n\n\n<li>strzelecko-drezdenecki,<\/li>\n\n\n\n<li>s\u0142ubicki,<\/li>\n\n\n\n<li>sul\u0119ci\u0144ski,<\/li>\n\n\n\n<li>\u015bwiebodzi\u0144ski,<\/li>\n\n\n\n<li>kro\u015bnie\u0144ski,<\/li>\n\n\n\n<li>wschowski.<\/li>\n<\/ul>\n\n\n\n<p>Projekt realizowany jest w okresie od 1 stycznia 2024 r. do 30 czerwca 2029 r.<\/p>\n\n\n\n<p>Wi\u0119cej informacji na stronie: <a href=\"https:\/\/owes-gorzow.pl\/\">OWES w Gorzowie Wielkopolskim &#8211;<\/a><\/p>\n","protected":false},"excerpt":{"rendered":"<p>O\u015brodek Wsparcia Ekonomii Spo\u0142ecznej w Gorzowie Wielkopolskim powsta\u0142 w wyniku wsp\u00f3\u0142pracy Stowarzyszenia Wspierania Ma\u0142ej Przedsi\u0119biorczo\u015bci z siedzib\u0105 w Dobiegniewie z dwoma partnerami: Umow\u0119 partnersk\u0105 konsorcjum zawar\u0142o 20.03.2023 r. Po otrzymaniu&nbsp;akredytacji i statusu o\u015brodka wsparcia ekonomii spo\u0142ecznej&nbsp;z\u0142o\u017cyli\u015bmy wniosek o dofinansowanie naszej dzia\u0142alno\u015bci w ramach Funduszy Europejskie dla Lubuskiego 2021-2027. W wyniku otwartego konkursu otrzymali\u015bmy dofinansowanie w<span class=\"dots\"> &hellip; <\/span><span class=\"link-more\"><a href=\"https:\/\/zdow.pl\/rlks\/owes\/\" class=\"more-link\">Read more <span class=\"screen-reader-text\">&#8222;OWES&#8221;<\/span><\/a><\/span><\/p>\n","protected":false},"author":1,"featured_media":0,"parent":0,"menu_order":0,"comment_status":"closed","ping_status":"closed","template":"","meta":{"footnotes":""},"class_list":["post-147","page","type-page","status-publish","hentry"],"_links":{"self":[{"href":"https:\/\/zdow.pl\/rlks\/wp-json\/wp\/v2\/pages\/147","targetHints":{"allow":["GET"]}}],"collection":[{"href":"https:\/\/zdow.pl\/rlks\/wp-json\/wp\/v2\/pages"}],"about":[{"href":"https:\/\/zdow.pl\/rlks\/wp-json\/wp\/v2\/types\/page"}],"author":[{"embeddable":true,"href":"https:\/\/zdow.pl\/rlks\/wp-json\/wp\/v2\/users\/1"}],"replies":[{"embeddable":true,"href":"https:\/\/zdow.pl\/rlks\/wp-json\/wp\/v2\/comments?post=147"}],"version-history":[{"count":1,"href":"https:\/\/zdow.pl\/rlks\/wp-json\/wp\/v2\/pages\/147\/revisions"}],"predecessor-version":[{"id":148,"href":"https:\/\/zdow.pl\/rlks\/wp-json\/wp\/v2\/pages\/147\/revisions\/148"}],"wp:attachment":[{"href":"https:\/\/zdow.pl\/rlks\/wp-json\/wp\/v2\/media?parent=147"}],"curies":[{"name":"wp","href":"https:\/\/api.w.org\/{rel}","templated":true}]}}