{"id":60,"date":"2024-05-15T10:48:47","date_gmt":"2024-05-15T08:48:47","guid":{"rendered":"https:\/\/zdow.pl\/rlks\/?page_id=60"},"modified":"2024-11-06T12:22:18","modified_gmt":"2024-11-06T11:22:18","slug":"kontakt","status":"publish","type":"page","link":"https:\/\/zdow.pl\/rlks\/kontakt\/","title":{"rendered":"Kontakt"},"content":{"rendered":"\n<h2 class=\"wp-block-heading\" id=\"kontakt\"><strong>Stowarzyszenie Zielona Dolina Odry i Warty<\/strong><\/h2>\n\n\n\n<p>ul. 1 Maja 1B (pierwsze pi\u0119tro),<br>69-113 G\u00f3rzyca<br>biuro@zdow.pl<br><em>Biuro pracuje od pn do pt\u00a0w godzinach 8.00 &#8211; 16.00<\/em><\/p>\n\n\n\n<p><strong><em>Beneficjenci obs\u0142ugiwani s\u0105:<\/em><\/strong><\/p>\n\n\n\n<p><strong><em>PONIEDZIA\u0141EK &#8211; PI\u0104TEK w godzinach 9.00 &#8211; 14.00<\/em><\/strong><\/p>\n\n\n\n<p>lub w innych godzinach po wcze\u015bniejszym um\u00f3wieniu si\u0119 telefonicznym. Pracownicy biura:<\/p>\n\n\n\n<p>Robert Stolarski &#8211; Prezes Zarz\u0105du, 792 282 229<\/p>\n\n\n\n<p>Leonard Pietrow &#8211; Wiceprezes Zarz\u0105du, 503 034 017,<\/p>\n\n\n\n<p>Piotr Chara &#8211; Cz\u0142onek Zarz\u0105du, 664 468 363<\/p>\n\n\n\n<p>Karol Duer, 534 85 85 65<\/p>\n\n\n\n<p>NIP:&nbsp;5981617351<br>REGON:&nbsp;08042539<br>KRS:&nbsp;354054<\/p>\n\n\n\n<iframe src=\"https:\/\/www.google.com\/maps\/embed?pb=!1m18!1m12!1m3!1d324.03366951248216!2d14.654083045676252!3d52.49409501631118!2m3!1f0!2f0!3f0!3m2!1i1024!2i768!4f13.1!3m3!1m2!1s0x47070b5618991fef%3A0xeff0f0e853c20639!2sFundacja%20Zielonej%20Doliny%20Odry%20i%20Warty!5e0!3m2!1spl!2spl!4v1715759075096!5m2!1spl!2spl\" width=\"100%\" height=\"450\" style=\"border:0;\" allowfullscreen=\"\" loading=\"lazy\" referrerpolicy=\"no-referrer-when-downgrade\"><\/iframe>\n","protected":false},"excerpt":{"rendered":"<p>Stowarzyszenie Zielona Dolina Odry i Warty ul. 1 Maja 1B (pierwsze pi\u0119tro),69-113 G\u00f3rzycabiuro@zdow.plBiuro pracuje od pn do pt\u00a0w godzinach 8.00 &#8211; 16.00 Beneficjenci obs\u0142ugiwani s\u0105: PONIEDZIA\u0141EK &#8211; PI\u0104TEK w godzinach 9.00 &#8211; 14.00 lub w innych godzinach po wcze\u015bniejszym um\u00f3wieniu si\u0119 telefonicznym. Pracownicy biura: Robert Stolarski &#8211; Prezes Zarz\u0105du, 792 282 229 Leonard Pietrow &#8211;<span class=\"dots\"> &hellip; <\/span><span class=\"link-more\"><a href=\"https:\/\/zdow.pl\/rlks\/kontakt\/\" class=\"more-link\">Read more <span class=\"screen-reader-text\">&#8222;Kontakt&#8221;<\/span><\/a><\/span><\/p>\n","protected":false},"author":1,"featured_media":0,"parent":0,"menu_order":0,"comment_status":"closed","ping_status":"closed","template":"","meta":{"footnotes":""},"class_list":["post-60","page","type-page","status-publish","hentry"],"_links":{"self":[{"href":"https:\/\/zdow.pl\/rlks\/wp-json\/wp\/v2\/pages\/60","targetHints":{"allow":["GET"]}}],"collection":[{"href":"https:\/\/zdow.pl\/rlks\/wp-json\/wp\/v2\/pages"}],"about":[{"href":"https:\/\/zdow.pl\/rlks\/wp-json\/wp\/v2\/types\/page"}],"author":[{"embeddable":true,"href":"https:\/\/zdow.pl\/rlks\/wp-json\/wp\/v2\/users\/1"}],"replies":[{"embeddable":true,"href":"https:\/\/zdow.pl\/rlks\/wp-json\/wp\/v2\/comments?post=60"}],"version-history":[{"count":5,"href":"https:\/\/zdow.pl\/rlks\/wp-json\/wp\/v2\/pages\/60\/revisions"}],"predecessor-version":[{"id":150,"href":"https:\/\/zdow.pl\/rlks\/wp-json\/wp\/v2\/pages\/60\/revisions\/150"}],"wp:attachment":[{"href":"https:\/\/zdow.pl\/rlks\/wp-json\/wp\/v2\/media?parent=60"}],"curies":[{"name":"wp","href":"https:\/\/api.w.org\/{rel}","templated":true}]}}